{"id":7821,"date":"2021-09-21T17:15:13","date_gmt":"2021-09-21T14:15:13","guid":{"rendered":"https:\/\/arzuyapi.com.tr\/?post_type=product&#038;p=7821"},"modified":"2021-10-20T23:24:01","modified_gmt":"2021-10-20T20:24:01","slug":"2-elektro-galvanizli-manson","status":"publish","type":"product","link":"https:\/\/arzuyapi.com.tr\/de\/product\/2-elektro-galvanizli-manson\/","title":{"rendered":"2\" Galvanisch Verzinkt Muffe"},"content":{"rendered":"","protected":false},"excerpt":{"rendered":"<p><a href=\"https:\/\/arzuyapi.com.tr\/wp-content\/uploads\/2.svg\"><img loading=\"lazy\" decoding=\"async\" class=\"alignnone size-large wp-image-7932\" role=\"img\" src=\"https:\/\/arzuyapi.com.tr\/wp-content\/uploads\/2.svg\" alt=\"\" width=\"1024\" height=\"1024\" srcset=\"https:\/\/arzuyapi.com.tr\/wp-content\/uploads\/\/2.svg 150w, https:\/\/arzuyapi.com.tr\/wp-content\/uploads\/\/2.svg 300w, https:\/\/arzuyapi.com.tr\/wp-content\/uploads\/\/2.svg 1024w, https:\/\/arzuyapi.com.tr\/wp-content\/uploads\/\/2.svg 1536w, https:\/\/arzuyapi.com.tr\/wp-content\/uploads\/\/2.svg 2048w, https:\/\/arzuyapi.com.tr\/wp-content\/uploads\/\/2.svg 1200w, https:\/\/arzuyapi.com.tr\/wp-content\/uploads\/\/2.svg 600w\" sizes=\"auto, (max-width: 1024px) 100vw, 1024px\" \/><\/a><\/p>","protected":false},"featured_media":8201,"template":"","meta":[],"product_brand":[],"product_cat":[65],"product_tag":[],"class_list":{"0":"post-7821","1":"product","2":"type-product","3":"status-publish","4":"has-post-thumbnail","6":"product_cat-elektro-galvanizli","8":"first","9":"instock","10":"shipping-taxable","11":"purchasable","12":"product-type-variable","13":"has-default-attributes"},"yoast_head":"<!-- This site is optimized with the Yoast SEO plugin v27.3 - https:\/\/yoast.com\/product\/yoast-seo-wordpress\/ -->\n<title>2&quot; Elektro Galvanizli Man\u015fon - Arzu Yap\u0131 Ekipmanlar\u0131<\/title>\n<meta name=\"robots\" content=\"index, follow, max-snippet:-1, max-image-preview:large, max-video-preview:-1\" \/>\n<link rel=\"canonical\" href=\"https:\/\/arzuyapi.com.tr\/de\/product\/2-elektro-galvanizli-manson\/\" \/>\n<meta property=\"og:locale\" content=\"de_DE\" \/>\n<meta property=\"og:type\" content=\"article\" \/>\n<meta property=\"og:title\" content=\"2&quot; Elektro Galvanizli Man\u015fon - Arzu Yap\u0131 Ekipmanlar\u0131\" \/>\n<meta property=\"og:url\" content=\"https:\/\/arzuyapi.com.tr\/de\/product\/2-elektro-galvanizli-manson\/\" \/>\n<meta property=\"og:site_name\" content=\"Arzu Yap\u0131 Ekipmanlar\u0131\" \/>\n<meta property=\"article:modified_time\" content=\"2021-10-20T20:24:01+00:00\" \/>\n<meta property=\"og:image\" content=\"https:\/\/arzuyapi.com.tr\/wp-content\/uploads\/2-Parmak-dis-1.jpg\" \/>\n\t<meta property=\"og:image:width\" content=\"1693\" \/>\n\t<meta property=\"og:image:height\" content=\"1693\" \/>\n\t<meta property=\"og:image:type\" content=\"image\/jpeg\" \/>\n<meta name=\"twitter:card\" content=\"summary_large_image\" \/>\n<script type=\"application\/ld+json\" class=\"yoast-schema-graph\">{\"@context\":\"https:\\\/\\\/schema.org\",\"@graph\":[{\"@type\":\"WebPage\",\"@id\":\"https:\\\/\\\/arzuyapi.com.tr\\\/en\\\/product\\\/2-elektro-galvanizli-manson\\\/\",\"url\":\"https:\\\/\\\/arzuyapi.com.tr\\\/en\\\/product\\\/2-elektro-galvanizli-manson\\\/\",\"name\":\"2\\\" Elektro Galvanizli Man\u015fon - Arzu Yap\u0131 Ekipmanlar\u0131\",\"isPartOf\":{\"@id\":\"https:\\\/\\\/arzuyapi.com.tr\\\/#website\"},\"primaryImageOfPage\":{\"@id\":\"https:\\\/\\\/arzuyapi.com.tr\\\/en\\\/product\\\/2-elektro-galvanizli-manson\\\/#primaryimage\"},\"image\":{\"@id\":\"https:\\\/\\\/arzuyapi.com.tr\\\/en\\\/product\\\/2-elektro-galvanizli-manson\\\/#primaryimage\"},\"thumbnailUrl\":\"https:\\\/\\\/arzuyapi.com.tr\\\/wp-content\\\/uploads\\\/2-Parmak-dis-1.jpg\",\"datePublished\":\"2021-09-21T14:15:13+00:00\",\"dateModified\":\"2021-10-20T20:24:01+00:00\",\"breadcrumb\":{\"@id\":\"https:\\\/\\\/arzuyapi.com.tr\\\/en\\\/product\\\/2-elektro-galvanizli-manson\\\/#breadcrumb\"},\"inLanguage\":\"de\",\"potentialAction\":[{\"@type\":\"ReadAction\",\"target\":[\"https:\\\/\\\/arzuyapi.com.tr\\\/en\\\/product\\\/2-elektro-galvanizli-manson\\\/\"]}]},{\"@type\":\"ImageObject\",\"inLanguage\":\"de\",\"@id\":\"https:\\\/\\\/arzuyapi.com.tr\\\/en\\\/product\\\/2-elektro-galvanizli-manson\\\/#primaryimage\",\"url\":\"https:\\\/\\\/arzuyapi.com.tr\\\/wp-content\\\/uploads\\\/2-Parmak-dis-1.jpg\",\"contentUrl\":\"https:\\\/\\\/arzuyapi.com.tr\\\/wp-content\\\/uploads\\\/2-Parmak-dis-1.jpg\",\"width\":1693,\"height\":1693},{\"@type\":\"BreadcrumbList\",\"@id\":\"https:\\\/\\\/arzuyapi.com.tr\\\/en\\\/product\\\/2-elektro-galvanizli-manson\\\/#breadcrumb\",\"itemListElement\":[{\"@type\":\"ListItem\",\"position\":1,\"name\":\"Ana Sayfa\",\"item\":\"https:\\\/\\\/arzuyapi.com.tr\\\/\"},{\"@type\":\"ListItem\",\"position\":2,\"name\":\"Man\u015fonlar\",\"item\":\"https:\\\/\\\/arzuyapi.com.tr\\\/en\\\/manson\\\/\"},{\"@type\":\"ListItem\",\"position\":3,\"name\":\"2&#8243; Elektro Galvanizli Man\u015fon\"}]},{\"@type\":\"WebSite\",\"@id\":\"https:\\\/\\\/arzuyapi.com.tr\\\/#website\",\"url\":\"https:\\\/\\\/arzuyapi.com.tr\\\/\",\"name\":\"Arzu Yap\u0131 Ekipmanlar\u0131\",\"description\":\"Man\u015fon \u00dcretiminde Lider\",\"potentialAction\":[{\"@type\":\"SearchAction\",\"target\":{\"@type\":\"EntryPoint\",\"urlTemplate\":\"https:\\\/\\\/arzuyapi.com.tr\\\/?s={search_term_string}\"},\"query-input\":{\"@type\":\"PropertyValueSpecification\",\"valueRequired\":true,\"valueName\":\"search_term_string\"}}],\"inLanguage\":\"de\"}]}<\/script>\n<!-- \/ Yoast SEO plugin. -->","yoast_head_json":{"title":"2\" Elektro Galvanizli Man\u015fon - Arzu Yap\u0131 Ekipmanlar\u0131","robots":{"index":"index","follow":"follow","max-snippet":"max-snippet:-1","max-image-preview":"max-image-preview:large","max-video-preview":"max-video-preview:-1"},"canonical":"https:\/\/arzuyapi.com.tr\/de\/product\/2-elektro-galvanizli-manson\/","og_locale":"de_DE","og_type":"article","og_title":"2\" Elektro Galvanizli Man\u015fon - Arzu Yap\u0131 Ekipmanlar\u0131","og_url":"https:\/\/arzuyapi.com.tr\/de\/product\/2-elektro-galvanizli-manson\/","og_site_name":"Arzu Yap\u0131 Ekipmanlar\u0131","article_modified_time":"2021-10-20T20:24:01+00:00","og_image":[{"width":1693,"height":1693,"url":"https:\/\/arzuyapi.com.tr\/wp-content\/uploads\/2-Parmak-dis-1.jpg","type":"image\/jpeg"}],"twitter_card":"summary_large_image","schema":{"@context":"https:\/\/schema.org","@graph":[{"@type":"WebPage","@id":"https:\/\/arzuyapi.com.tr\/en\/product\/2-elektro-galvanizli-manson\/","url":"https:\/\/arzuyapi.com.tr\/en\/product\/2-elektro-galvanizli-manson\/","name":"2\" Elektro Galvanizli Man\u015fon - Arzu Yap\u0131 Ekipmanlar\u0131","isPartOf":{"@id":"https:\/\/arzuyapi.com.tr\/#website"},"primaryImageOfPage":{"@id":"https:\/\/arzuyapi.com.tr\/en\/product\/2-elektro-galvanizli-manson\/#primaryimage"},"image":{"@id":"https:\/\/arzuyapi.com.tr\/en\/product\/2-elektro-galvanizli-manson\/#primaryimage"},"thumbnailUrl":"https:\/\/arzuyapi.com.tr\/wp-content\/uploads\/2-Parmak-dis-1.jpg","datePublished":"2021-09-21T14:15:13+00:00","dateModified":"2021-10-20T20:24:01+00:00","breadcrumb":{"@id":"https:\/\/arzuyapi.com.tr\/en\/product\/2-elektro-galvanizli-manson\/#breadcrumb"},"inLanguage":"de","potentialAction":[{"@type":"ReadAction","target":["https:\/\/arzuyapi.com.tr\/en\/product\/2-elektro-galvanizli-manson\/"]}]},{"@type":"ImageObject","inLanguage":"de","@id":"https:\/\/arzuyapi.com.tr\/en\/product\/2-elektro-galvanizli-manson\/#primaryimage","url":"https:\/\/arzuyapi.com.tr\/wp-content\/uploads\/2-Parmak-dis-1.jpg","contentUrl":"https:\/\/arzuyapi.com.tr\/wp-content\/uploads\/2-Parmak-dis-1.jpg","width":1693,"height":1693},{"@type":"BreadcrumbList","@id":"https:\/\/arzuyapi.com.tr\/en\/product\/2-elektro-galvanizli-manson\/#breadcrumb","itemListElement":[{"@type":"ListItem","position":1,"name":"Ana Sayfa","item":"https:\/\/arzuyapi.com.tr\/"},{"@type":"ListItem","position":2,"name":"Man\u015fonlar","item":"https:\/\/arzuyapi.com.tr\/en\/manson\/"},{"@type":"ListItem","position":3,"name":"2&#8243; Elektro Galvanizli Man\u015fon"}]},{"@type":"WebSite","@id":"https:\/\/arzuyapi.com.tr\/#website","url":"https:\/\/arzuyapi.com.tr\/","name":"Arzu Yap\u0131 Ekipmanlar\u0131","description":"F\u00fchrend in der Muff","potentialAction":[{"@type":"SearchAction","target":{"@type":"EntryPoint","urlTemplate":"https:\/\/arzuyapi.com.tr\/?s={search_term_string}"},"query-input":{"@type":"PropertyValueSpecification","valueRequired":true,"valueName":"search_term_string"}}],"inLanguage":"de"}]}},"_links":{"self":[{"href":"https:\/\/arzuyapi.com.tr\/de\/wp-json\/wp\/v2\/product\/7821","targetHints":{"allow":["GET"]}}],"collection":[{"href":"https:\/\/arzuyapi.com.tr\/de\/wp-json\/wp\/v2\/product"}],"about":[{"href":"https:\/\/arzuyapi.com.tr\/de\/wp-json\/wp\/v2\/types\/product"}],"wp:featuredmedia":[{"embeddable":true,"href":"https:\/\/arzuyapi.com.tr\/de\/wp-json\/wp\/v2\/media\/8201"}],"wp:attachment":[{"href":"https:\/\/arzuyapi.com.tr\/de\/wp-json\/wp\/v2\/media?parent=7821"}],"wp:term":[{"taxonomy":"product_brand","embeddable":true,"href":"https:\/\/arzuyapi.com.tr\/de\/wp-json\/wp\/v2\/product_brand?post=7821"},{"taxonomy":"product_cat","embeddable":true,"href":"https:\/\/arzuyapi.com.tr\/de\/wp-json\/wp\/v2\/product_cat?post=7821"},{"taxonomy":"product_tag","embeddable":true,"href":"https:\/\/arzuyapi.com.tr\/de\/wp-json\/wp\/v2\/product_tag?post=7821"}],"curies":[{"name":"wp","href":"https:\/\/api.w.org\/{rel}","templated":true}]}}