{"id":8449,"date":"2021-10-21T22:23:52","date_gmt":"2021-10-21T19:23:52","guid":{"rendered":"https:\/\/arzuyapi.com.tr\/?page_id=8449"},"modified":"2021-10-26T02:41:00","modified_gmt":"2021-10-25T23:41:00","slug":"iletisim","status":"publish","type":"page","link":"https:\/\/arzuyapi.com.tr\/ru\/%d0%ba%d0%be%d0%bd%d1%82%d0%b0%d0%ba%d1%82\/","title":{"rendered":"\u0130leti\u015fim"},"content":{"rendered":"<div class=\"vc_row wpb_row vc_row-fluid vc_custom_1634844806188\"><div class=\"wpb_column vc_column_container vc_col-sm-6 vc_col-lg-4 vc_col-md-4\"><div class=\"vc_column-inner vc_custom_1496934090366\"><div class=\"wpb_wrapper\">\t\t\n\t\t<div id=\"wd-6171beed312ed\" class=\"title-wrapper wd-wpb set-mb-s reset-last-child  wd-title-color-default wd-title-style-default wd-width-100 text-left vc_custom_1634844406514\">\n\t\t\t\n\t\t\t<div class=\"liner-continer\">\n\t\t\t\t<h4 class=\"woodmart-title-container title  wd-font-weight- wd-fontsize-l\" >\u041e\u0444\u0438\u0441 \u0432 Istanbul<\/h4>\n\t\t\t\t\t\t\t<\/div>\n\t\t\t\n\t\t\t\n\t\t\t\t\t<\/div>\n\t\t\n\t\t\n\t<div class=\"wpb_text_column wpb_content_element vc_custom_1634844609236\" >\n\t\t<div class=\"wpb_wrapper\">\n\t\t\t<p><strong>Arzu Construction Equipment Industry and Trade Inc.<\/strong><\/p>\n<p><i class=\"fas fa-map-marker-alt\"><\/i> <a href=\"https:\/\/www.google.com\/maps\/place\/Arzu+Yap%C4%B1+Ekipmanlar%C4%B1\/@41.0307664,28.9044445,17z\/data=!3m1!4b1!4m5!3m4!1s0x14cabaf5d29bc3fb:0x2e545c5613630ba7!8m2!3d41.0307624!4d28.9066385\" target=\"_blank\" rel=\"noopener noreferrer\">Vatan Mahallesi \u00c7iftehavuzlar caddesi Serap Sokak No:11 BAYRAMPA\u015eA \/ \u0130STANBUL<\/a><\/p>\n<p><i class=\"fas fa-phone-square\"><\/i> <a href=\"tel:+902125659090\">+90 (212) 565 90 90<\/a><\/p>\n<p><i class=\"fas fa-envelope\"><\/i> <a href=\"mailto:info@arzuyapi.com.tr\" target=\"_self\" rel=\"noopener noreferrer\">info@arzuyapi.com.tr<\/a><\/p>\n\n\t\t<\/div>\n\t<\/div>\n<\/div><\/div><\/div><div class=\"wpb_column vc_column_container vc_col-sm-6 vc_col-lg-8 vc_col-md-8\"><div class=\"vc_column-inner\"><div class=\"wpb_wrapper\">\n\t<div class=\"wpb_raw_code wpb_content_element wpb_raw_html\" >\n\t\t<div class=\"wpb_wrapper\">\n\t\t\t<iframe src=\"https:\/\/www.google.com\/maps\/embed?pb=!1m18!1m12!1m3!1d3009.7482971996933!2d28.904449815592887!3d41.0307623792986!2m3!1f0!2f0!3f0!3m2!1i1024!2i768!4f13.1!3m3!1m2!1s0x14cabaf5d29bc3fb%3A0x2e545c5613630ba7!2sArzu%20Yap%C4%B1%20Ekipmanlar%C4%B1!5e0!3m2!1str!2str!4v1634844733454!5m2!1str!2str\" width=\"800\" height=\"450\" style=\"border:0;\" allowfullscreen=\"\" loading=\"lazy\"><\/iframe>\n\t\t<\/div>\n\t<\/div>\n<\/div><\/div><\/div><\/div>","protected":false},"excerpt":{"rendered":"\u0130stanbul \u015eubesi Arzu Yap\u0131 Ekipmanlar\u0131 Sanayi ve Ticaret A.\u015e. Vatan Mahallesi \u00c7iftehavuzlar caddesi Serap Sokak No:11 BAYRAMPA\u015eA \/ \u0130STANBUL +90","protected":false},"author":1,"featured_media":8427,"parent":0,"menu_order":0,"comment_status":"closed","ping_status":"closed","template":"","meta":{"footnotes":""},"class_list":["post-8449","page","type-page","status-publish","has-post-thumbnail","hentry"],"yoast_head":"<!-- This site is optimized with the Yoast SEO plugin v27.3 - https:\/\/yoast.com\/product\/yoast-seo-wordpress\/ -->\n<title>\u0130leti\u015fim - Arzu Yap\u0131 Ekipmanlar\u0131<\/title>\n<meta name=\"description\" content=\"\u00d6zel \u00fcretim, elektro galvanizli man\u015fon fiyatlar\u0131 ve siyah man\u015fon fiyatlar\u0131 i\u00e7in bize ula\u015fabilir, sat\u0131\u015f ekibimizden destek alabilirsiniz.\" \/>\n<meta name=\"robots\" content=\"index, follow, max-snippet:-1, max-image-preview:large, max-video-preview:-1\" \/>\n<link rel=\"canonical\" href=\"https:\/\/arzuyapi.com.tr\/ru\/contact\/\" \/>\n<meta property=\"og:locale\" content=\"ru_RU\" \/>\n<meta property=\"og:type\" content=\"article\" \/>\n<meta property=\"og:title\" content=\"\u0130leti\u015fim - Arzu Yap\u0131 Ekipmanlar\u0131\" \/>\n<meta property=\"og:description\" content=\"\u00d6zel \u00fcretim, elektro galvanizli man\u015fon fiyatlar\u0131 ve siyah man\u015fon fiyatlar\u0131 i\u00e7in bize ula\u015fabilir, sat\u0131\u015f ekibimizden destek alabilirsiniz.\" \/>\n<meta property=\"og:url\" content=\"https:\/\/arzuyapi.com.tr\/ru\/contact\/\" \/>\n<meta property=\"og:site_name\" content=\"Arzu Yap\u0131 Ekipmanlar\u0131\" \/>\n<meta property=\"article:modified_time\" content=\"2021-10-25T23:41:00+00:00\" \/>\n<meta property=\"og:image\" content=\"https:\/\/arzuyapi.com.tr\/wp-content\/uploads\/manson-uretim-1.jpg\" \/>\n\t<meta property=\"og:image:width\" content=\"1600\" \/>\n\t<meta property=\"og:image:height\" content=\"1022\" \/>\n\t<meta property=\"og:image:type\" content=\"image\/jpeg\" \/>\n<meta name=\"twitter:card\" content=\"summary_large_image\" \/>\n<meta name=\"twitter:label1\" content=\"\u041f\u0440\u0438\u043c\u0435\u0440\u043d\u043e\u0435 \u0432\u0440\u0435\u043c\u044f \u0434\u043b\u044f \u0447\u0442\u0435\u043d\u0438\u044f\" \/>\n\t<meta name=\"twitter:data1\" content=\"1 \u043c\u0438\u043d\u0443\u0442\u0430\" \/>\n<script type=\"application\/ld+json\" class=\"yoast-schema-graph\">{\"@context\":\"https:\\\/\\\/schema.org\",\"@graph\":[{\"@type\":\"WebPage\",\"@id\":\"https:\\\/\\\/arzuyapi.com.tr\\\/en\\\/contact\\\/\",\"url\":\"https:\\\/\\\/arzuyapi.com.tr\\\/en\\\/contact\\\/\",\"name\":\"\u0130leti\u015fim - Arzu Yap\u0131 Ekipmanlar\u0131\",\"isPartOf\":{\"@id\":\"https:\\\/\\\/arzuyapi.com.tr\\\/#website\"},\"primaryImageOfPage\":{\"@id\":\"https:\\\/\\\/arzuyapi.com.tr\\\/en\\\/contact\\\/#primaryimage\"},\"image\":{\"@id\":\"https:\\\/\\\/arzuyapi.com.tr\\\/en\\\/contact\\\/#primaryimage\"},\"thumbnailUrl\":\"https:\\\/\\\/arzuyapi.com.tr\\\/wp-content\\\/uploads\\\/manson-uretim-1.jpg\",\"datePublished\":\"2021-10-21T19:23:52+00:00\",\"dateModified\":\"2021-10-25T23:41:00+00:00\",\"description\":\"\u00d6zel \u00fcretim, elektro galvanizli man\u015fon fiyatlar\u0131 ve siyah man\u015fon fiyatlar\u0131 i\u00e7in bize ula\u015fabilir, sat\u0131\u015f ekibimizden destek alabilirsiniz.\",\"breadcrumb\":{\"@id\":\"https:\\\/\\\/arzuyapi.com.tr\\\/en\\\/contact\\\/#breadcrumb\"},\"inLanguage\":\"ru-RU\",\"potentialAction\":[{\"@type\":\"ReadAction\",\"target\":[\"https:\\\/\\\/arzuyapi.com.tr\\\/en\\\/contact\\\/\"]}]},{\"@type\":\"ImageObject\",\"inLanguage\":\"ru-RU\",\"@id\":\"https:\\\/\\\/arzuyapi.com.tr\\\/en\\\/contact\\\/#primaryimage\",\"url\":\"https:\\\/\\\/arzuyapi.com.tr\\\/wp-content\\\/uploads\\\/manson-uretim-1.jpg\",\"contentUrl\":\"https:\\\/\\\/arzuyapi.com.tr\\\/wp-content\\\/uploads\\\/manson-uretim-1.jpg\",\"width\":1600,\"height\":1022},{\"@type\":\"BreadcrumbList\",\"@id\":\"https:\\\/\\\/arzuyapi.com.tr\\\/en\\\/contact\\\/#breadcrumb\",\"itemListElement\":[{\"@type\":\"ListItem\",\"position\":1,\"name\":\"Ana Sayfa\",\"item\":\"https:\\\/\\\/arzuyapi.com.tr\\\/\"},{\"@type\":\"ListItem\",\"position\":2,\"name\":\"\u0130leti\u015fim\"}]},{\"@type\":\"WebSite\",\"@id\":\"https:\\\/\\\/arzuyapi.com.tr\\\/#website\",\"url\":\"https:\\\/\\\/arzuyapi.com.tr\\\/\",\"name\":\"Arzu Yap\u0131 Ekipmanlar\u0131\",\"description\":\"Man\u015fon \u00dcretiminde Lider\",\"potentialAction\":[{\"@type\":\"SearchAction\",\"target\":{\"@type\":\"EntryPoint\",\"urlTemplate\":\"https:\\\/\\\/arzuyapi.com.tr\\\/?s={search_term_string}\"},\"query-input\":{\"@type\":\"PropertyValueSpecification\",\"valueRequired\":true,\"valueName\":\"search_term_string\"}}],\"inLanguage\":\"ru-RU\"}]}<\/script>\n<!-- \/ Yoast SEO plugin. -->","yoast_head_json":{"title":"\u0130leti\u015fim - Arzu Yap\u0131 Ekipmanlar\u0131","description":"\u00d6zel \u00fcretim, elektro galvanizli man\u015fon fiyatlar\u0131 ve siyah man\u015fon fiyatlar\u0131 i\u00e7in bize ula\u015fabilir, sat\u0131\u015f ekibimizden destek alabilirsiniz.","robots":{"index":"index","follow":"follow","max-snippet":"max-snippet:-1","max-image-preview":"max-image-preview:large","max-video-preview":"max-video-preview:-1"},"canonical":"https:\/\/arzuyapi.com.tr\/ru\/contact\/","og_locale":"ru_RU","og_type":"article","og_title":"\u0130leti\u015fim - Arzu Yap\u0131 Ekipmanlar\u0131","og_description":"\u00d6zel \u00fcretim, elektro galvanizli man\u015fon fiyatlar\u0131 ve siyah man\u015fon fiyatlar\u0131 i\u00e7in bize ula\u015fabilir, sat\u0131\u015f ekibimizden destek alabilirsiniz.","og_url":"https:\/\/arzuyapi.com.tr\/ru\/contact\/","og_site_name":"Arzu Yap\u0131 Ekipmanlar\u0131","article_modified_time":"2021-10-25T23:41:00+00:00","og_image":[{"width":1600,"height":1022,"url":"https:\/\/arzuyapi.com.tr\/wp-content\/uploads\/manson-uretim-1.jpg","type":"image\/jpeg"}],"twitter_card":"summary_large_image","twitter_misc":{"\u041f\u0440\u0438\u043c\u0435\u0440\u043d\u043e\u0435 \u0432\u0440\u0435\u043c\u044f \u0434\u043b\u044f \u0447\u0442\u0435\u043d\u0438\u044f":"1 \u043c\u0438\u043d\u0443\u0442\u0430"},"schema":{"@context":"https:\/\/schema.org","@graph":[{"@type":"WebPage","@id":"https:\/\/arzuyapi.com.tr\/en\/contact\/","url":"https:\/\/arzuyapi.com.tr\/en\/contact\/","name":"\u0130leti\u015fim - Arzu Yap\u0131 Ekipmanlar\u0131","isPartOf":{"@id":"https:\/\/arzuyapi.com.tr\/#website"},"primaryImageOfPage":{"@id":"https:\/\/arzuyapi.com.tr\/en\/contact\/#primaryimage"},"image":{"@id":"https:\/\/arzuyapi.com.tr\/en\/contact\/#primaryimage"},"thumbnailUrl":"https:\/\/arzuyapi.com.tr\/wp-content\/uploads\/manson-uretim-1.jpg","datePublished":"2021-10-21T19:23:52+00:00","dateModified":"2021-10-25T23:41:00+00:00","description":"\u00d6zel \u00fcretim, elektro galvanizli man\u015fon fiyatlar\u0131 ve siyah man\u015fon fiyatlar\u0131 i\u00e7in bize ula\u015fabilir, sat\u0131\u015f ekibimizden destek alabilirsiniz.","breadcrumb":{"@id":"https:\/\/arzuyapi.com.tr\/en\/contact\/#breadcrumb"},"inLanguage":"ru-RU","potentialAction":[{"@type":"ReadAction","target":["https:\/\/arzuyapi.com.tr\/en\/contact\/"]}]},{"@type":"ImageObject","inLanguage":"ru-RU","@id":"https:\/\/arzuyapi.com.tr\/en\/contact\/#primaryimage","url":"https:\/\/arzuyapi.com.tr\/wp-content\/uploads\/manson-uretim-1.jpg","contentUrl":"https:\/\/arzuyapi.com.tr\/wp-content\/uploads\/manson-uretim-1.jpg","width":1600,"height":1022},{"@type":"BreadcrumbList","@id":"https:\/\/arzuyapi.com.tr\/en\/contact\/#breadcrumb","itemListElement":[{"@type":"ListItem","position":1,"name":"Ana Sayfa","item":"https:\/\/arzuyapi.com.tr\/"},{"@type":"ListItem","position":2,"name":"\u0130leti\u015fim"}]},{"@type":"WebSite","@id":"https:\/\/arzuyapi.com.tr\/#website","url":"https:\/\/arzuyapi.com.tr\/","name":"Arzu Yap\u0131 Ekipmanlar\u0131","description":"\u041b\u0438\u0434\u0435\u0440 \u0432 \u043f\u0440\u043e\u0438\u0437\u0432\u043e\u0434\u0441\u0442\u0432\u0435 \u043c\u0443\u0444\u0442","potentialAction":[{"@type":"SearchAction","target":{"@type":"EntryPoint","urlTemplate":"https:\/\/arzuyapi.com.tr\/?s={search_term_string}"},"query-input":{"@type":"PropertyValueSpecification","valueRequired":true,"valueName":"search_term_string"}}],"inLanguage":"ru-RU"}]}},"_links":{"self":[{"href":"https:\/\/arzuyapi.com.tr\/ru\/wp-json\/wp\/v2\/pages\/8449","targetHints":{"allow":["GET"]}}],"collection":[{"href":"https:\/\/arzuyapi.com.tr\/ru\/wp-json\/wp\/v2\/pages"}],"about":[{"href":"https:\/\/arzuyapi.com.tr\/ru\/wp-json\/wp\/v2\/types\/page"}],"author":[{"embeddable":true,"href":"https:\/\/arzuyapi.com.tr\/ru\/wp-json\/wp\/v2\/users\/1"}],"replies":[{"embeddable":true,"href":"https:\/\/arzuyapi.com.tr\/ru\/wp-json\/wp\/v2\/comments?post=8449"}],"version-history":[{"count":2,"href":"https:\/\/arzuyapi.com.tr\/ru\/wp-json\/wp\/v2\/pages\/8449\/revisions"}],"predecessor-version":[{"id":8497,"href":"https:\/\/arzuyapi.com.tr\/ru\/wp-json\/wp\/v2\/pages\/8449\/revisions\/8497"}],"wp:featuredmedia":[{"embeddable":true,"href":"https:\/\/arzuyapi.com.tr\/ru\/wp-json\/wp\/v2\/media\/8427"}],"wp:attachment":[{"href":"https:\/\/arzuyapi.com.tr\/ru\/wp-json\/wp\/v2\/media?parent=8449"}],"curies":[{"name":"wp","href":"https:\/\/api.w.org\/{rel}","templated":true}]}}